{"id":2525,"date":"2017-11-07T16:08:23","date_gmt":"2017-11-07T16:08:54","guid":{"rendered":"http:\/\/tablanova.ge\/?post_type=product&#038;p=2525"},"modified":"2021-01-29T17:57:21","modified_gmt":"2021-01-29T13:57:21","slug":"safety-gas-burner-home-black","status":"publish","type":"product","link":"https:\/\/tablanova.ge\/en\/product\/safety-gas-burner-home-black\/","title":{"rendered":"Safety Gas Burner Home Black"},"content":{"rendered":"","protected":false},"excerpt":{"rendered":"<div class=\"product-description hidden-xs\">\n<ul>\n<li>Butane gas burner with continuously adjustable flame up to approx. 1200 \u00b0C<\/li>\n<li>For caramelising (e.g. cr\u00e8me br\u00fbl\u00e9e), flamb\u00e9 or for lighting the fireplace, barbecue, fireworks and many other uses<\/li>\n<li>Easy and safe to use with additional continuous flame setting<\/li>\n<li>Child safety included<\/li>\n<li>Refill with regular lighter fluid (butane)<\/li>\n<\/ul>\n<\/div>\n","protected":false},"author":2,"featured_media":5292,"comment_status":"closed","ping_status":"closed","template":"","meta":[],"product_cat":[55,488],"product_tag":[],"_links":{"self":[{"href":"https:\/\/tablanova.ge\/en\/wp-json\/wp\/v2\/product\/2525"}],"collection":[{"href":"https:\/\/tablanova.ge\/en\/wp-json\/wp\/v2\/product"}],"about":[{"href":"https:\/\/tablanova.ge\/en\/wp-json\/wp\/v2\/types\/product"}],"author":[{"embeddable":true,"href":"https:\/\/tablanova.ge\/en\/wp-json\/wp\/v2\/users\/2"}],"replies":[{"embeddable":true,"href":"https:\/\/tablanova.ge\/en\/wp-json\/wp\/v2\/comments?post=2525"}],"wp:featuredmedia":[{"embeddable":true,"href":"https:\/\/tablanova.ge\/en\/wp-json\/wp\/v2\/media\/5292"}],"wp:attachment":[{"href":"https:\/\/tablanova.ge\/en\/wp-json\/wp\/v2\/media?parent=2525"}],"wp:term":[{"taxonomy":"product_cat","embeddable":true,"href":"https:\/\/tablanova.ge\/en\/wp-json\/wp\/v2\/product_cat?post=2525"},{"taxonomy":"product_tag","embeddable":true,"href":"https:\/\/tablanova.ge\/en\/wp-json\/wp\/v2\/product_tag?post=2525"}],"curies":[{"name":"wp","href":"https:\/\/api.w.org\/{rel}","templated":true}]}}